{"id":164,"date":"2020-10-30T21:48:29","date_gmt":"2020-10-30T21:48:29","guid":{"rendered":"https:\/\/d.durling.nu\/?page_id=164"},"modified":"2021-11-05T22:20:37","modified_gmt":"2021-11-05T22:20:37","slug":"kinna-ibk-f0103","status":"publish","type":"page","link":"https:\/\/d.durling.nu\/?page_id=164","title":{"rendered":"2015\/2016"},"content":{"rendered":"\n<p>F14 V\u00e4sterg\u00f6tland<\/p>\n\n\n\n<ul><li><a href=\"https:\/\/goo.gl\/photos\/qNtYH9gPQHMoe6S67\">Kinna-IBK Alings\u00e5s 2015-10-10<\/a><\/li><li><a href=\"https:\/\/goo.gl\/photos\/ivWWMSNYjo8uWr8R7\">Fristad-Kinna 2015-10-17<\/a><\/li><li><a href=\"https:\/\/goo.gl\/photos\/EmNz7NLbcsYvKTcM7\">Kinna-Rydboholm 2015-10-21<\/a><\/li><li><a href=\"https:\/\/goo.gl\/photos\/Tcf3WTd8Pr84jwMN6\">Mullsj\u00f6-Kinna 2015-11-08<\/a><\/li><li><a href=\"https:\/\/goo.gl\/photos\/p7mUoQ6JLuBsy3A16\">Kinna-Lidk\u00f6ping 2015-11-14<\/a><\/li><li><a href=\"https:\/\/goo.gl\/photos\/8K1eGptxasKd5t9a6\">W\u00e5rg\u00e5rda-Kinna 2015-11-21<\/a><\/li><li><a href=\"https:\/\/goo.gl\/photos\/atXQ6rnMRhWUkr3H9\">Kinna-TT 99 2015-11-29<\/a><\/li><li><a href=\"https:\/\/goo.gl\/photos\/SanBWuQpQGs3kfst7\">Sandared-Kinna 2015-12-05<\/a><\/li><li><a href=\"https:\/\/goo.gl\/photos\/8ZxzAR1C3ciGYHtU6\">Alings\u00e5s-Kinna 2015-12-13<\/a><\/li><li><a href=\"https:\/\/goo.gl\/photos\/TCwbu318cdVoRGsY9\">Kinna-Fristad 2015-12-30<\/a><\/li><li><a href=\"https:\/\/goo.gl\/photos\/TCwbu318cdVoRGsY9\">Kinna-Fristad 2016-01-23<\/a><\/li><li><a href=\"https:\/\/goo.gl\/photos\/cdPmFvdActztBNuL6\">Kinna-Mullsj\u00f6 2016-02-07<\/a><\/li><li><a href=\"https:\/\/goo.gl\/photos\/n29DVFyxq3jgp8EC9\">Kinna-W\u00e5rg\u00e5rda 2016-02-28<\/a><\/li><li><a href=\"https:\/\/goo.gl\/photos\/JBHD1FJXPfLbrgCF9\">Kinna-Sandared 2015-03-13<\/a><\/li><li><a href=\"https:\/\/goo.gl\/photos\/7UPgubd8APE96Uyh7\">Tygriket 99-Kinna 2015-03-14<\/a><\/li><li><a href=\"https:\/\/goo.gl\/photos\/1FcEruhM7gaGr1gm7\">Rydboholm-Kinna 2016-03-20<\/a><\/li><\/ul>\n\n\n\n<p>Cuper &amp; tr\u00e4ningsmatcher<\/p>\n\n\n\n<ul><li><a href=\"https:\/\/goo.gl\/photos\/Q7QeDSQSBh7asaCz6\">FBC Lerum-Kinna IBK 2015-09-06<\/a><\/li><li><a href=\"https:\/\/goo.gl\/photos\/QHvJHpwt5KMEVuSY7\">B\u00e4stkustcupen 25-27\/9 2015<\/a><\/li><li><a href=\"https:\/\/goo.gl\/photos\/cETY6fb3S3SFv9gV6\">P03-F03 2016-04-11<\/a><\/li><li><a href=\"https:\/\/goo.gl\/photos\/h1gxDr4scmFwCEdD6\">Avslutning 2016-04-27<\/a><\/li><li><a href=\"https:\/\/goo.gl\/photos\/xun32gHFNw7GHkyh6\">G\u00f6kboet 2016-05-08<\/a><\/li><\/ul>\n","protected":false},"excerpt":{"rendered":"<p>F14 V\u00e4sterg\u00f6tland Kinna-IBK Alings\u00e5s 2015-10-10 Fristad-Kinna 2015-10-17 Kinna-Rydboholm 2015-10-21 Mullsj\u00f6-Kinna 2015-11-08 Kinna-Lidk\u00f6ping 2015-11-14 W\u00e5rg\u00e5rda-Kinna 2015-11-21 Kinna-TT 99 2015-11-29 Sandared-Kinna 2015-12-05<\/p>\n<p class=\"more-link\"><a href=\"https:\/\/d.durling.nu\/?page_id=164\" class=\"readmore\">Continue reading&#8230;<span class=\"screen-reader-text\">2015\/2016<\/span><\/a><\/p>\n","protected":false},"author":1,"featured_media":0,"parent":60,"menu_order":0,"comment_status":"closed","ping_status":"closed","template":"","meta":[],"yoast_head":"<!-- This site is optimized with the Yoast SEO plugin v15.1.1 - https:\/\/yoast.com\/wordpress\/plugins\/seo\/ -->\n<title>2015\/2016 - d.durling<\/title>\n<meta name=\"robots\" content=\"index, follow, max-snippet:-1, max-image-preview:large, max-video-preview:-1\" \/>\n<link rel=\"canonical\" href=\"https:\/\/d.durling.nu\/?page_id=164\" \/>\n<meta property=\"og:locale\" content=\"en_US\" \/>\n<meta property=\"og:type\" content=\"article\" \/>\n<meta property=\"og:title\" content=\"2015\/2016 - d.durling\" \/>\n<meta property=\"og:description\" content=\"F14 V\u00e4sterg\u00f6tland Kinna-IBK Alings\u00e5s 2015-10-10 Fristad-Kinna 2015-10-17 Kinna-Rydboholm 2015-10-21 Mullsj\u00f6-Kinna 2015-11-08 Kinna-Lidk\u00f6ping 2015-11-14 W\u00e5rg\u00e5rda-Kinna 2015-11-21 Kinna-TT 99 2015-11-29 Sandared-Kinna 2015-12-05Continue reading...2015\/2016\" \/>\n<meta property=\"og:url\" content=\"https:\/\/d.durling.nu\/?page_id=164\" \/>\n<meta property=\"og:site_name\" content=\"d.durling\" \/>\n<meta property=\"article:modified_time\" content=\"2021-11-05T22:20:37+00:00\" \/>\n<meta name=\"twitter:card\" content=\"summary_large_image\" \/>\n<script type=\"application\/ld+json\" class=\"yoast-schema-graph\">{\"@context\":\"https:\/\/schema.org\",\"@graph\":[{\"@type\":\"WebSite\",\"@id\":\"https:\/\/d.durling.nu\/#website\",\"url\":\"https:\/\/d.durling.nu\/\",\"name\":\"d.durling\",\"description\":\"Floorball photos\",\"potentialAction\":[{\"@type\":\"SearchAction\",\"target\":\"https:\/\/d.durling.nu\/?s={search_term_string}\",\"query-input\":\"required name=search_term_string\"}],\"inLanguage\":\"en-US\"},{\"@type\":\"WebPage\",\"@id\":\"https:\/\/d.durling.nu\/?page_id=164#webpage\",\"url\":\"https:\/\/d.durling.nu\/?page_id=164\",\"name\":\"2015\/2016 - d.durling\",\"isPartOf\":{\"@id\":\"https:\/\/d.durling.nu\/#website\"},\"datePublished\":\"2020-10-30T21:48:29+00:00\",\"dateModified\":\"2021-11-05T22:20:37+00:00\",\"inLanguage\":\"en-US\",\"potentialAction\":[{\"@type\":\"ReadAction\",\"target\":[\"https:\/\/d.durling.nu\/?page_id=164\"]}]}]}<\/script>\n<!-- \/ Yoast SEO plugin. -->","_links":{"self":[{"href":"https:\/\/d.durling.nu\/index.php?rest_route=\/wp\/v2\/pages\/164"}],"collection":[{"href":"https:\/\/d.durling.nu\/index.php?rest_route=\/wp\/v2\/pages"}],"about":[{"href":"https:\/\/d.durling.nu\/index.php?rest_route=\/wp\/v2\/types\/page"}],"author":[{"embeddable":true,"href":"https:\/\/d.durling.nu\/index.php?rest_route=\/wp\/v2\/users\/1"}],"replies":[{"embeddable":true,"href":"https:\/\/d.durling.nu\/index.php?rest_route=%2Fwp%2Fv2%2Fcomments&post=164"}],"version-history":[{"count":5,"href":"https:\/\/d.durling.nu\/index.php?rest_route=\/wp\/v2\/pages\/164\/revisions"}],"predecessor-version":[{"id":197,"href":"https:\/\/d.durling.nu\/index.php?rest_route=\/wp\/v2\/pages\/164\/revisions\/197"}],"up":[{"embeddable":true,"href":"https:\/\/d.durling.nu\/index.php?rest_route=\/wp\/v2\/pages\/60"}],"wp:attachment":[{"href":"https:\/\/d.durling.nu\/index.php?rest_route=%2Fwp%2Fv2%2Fmedia&parent=164"}],"curies":[{"name":"wp","href":"https:\/\/api.w.org\/{rel}","templated":true}]}}