{"id":170,"date":"2020-10-30T22:00:17","date_gmt":"2020-10-30T22:00:17","guid":{"rendered":"https:\/\/d.durling.nu\/?page_id=170"},"modified":"2021-11-05T22:18:52","modified_gmt":"2021-11-05T22:18:52","slug":"2014-2015","status":"publish","type":"page","link":"https:\/\/d.durling.nu\/?page_id=170","title":{"rendered":"2014\/2015"},"content":{"rendered":"\n<p>F13 V\u00e4sterg\u00f6tland<\/p>\n\n\n\n<ul><li><a rel=\"noreferrer noopener\" href=\"https:\/\/photos.app.goo.gl\/wAqGYD9oHXo6ELxz6\" target=\"_blank\">Rydboholm-Kinna 2014-11-09<\/a><\/li><li><a href=\"https:\/\/photos.app.goo.gl\/kaWfQeMdmP1W6neM9\" target=\"_blank\" rel=\"noreferrer noopener\">Kinna-Tranemo 2014-11-22<\/a><\/li><li><a rel=\"noreferrer noopener\" href=\"https:\/\/photos.app.goo.gl\/Eyk4xs9UtqLKsCM58\" target=\"_blank\">Alings\u00e5s-Kinna 2014-11-29<\/a><\/li><li><a rel=\"noreferrer noopener\" href=\"https:\/\/photos.app.goo.gl\/PGmJGQh1M4AxDPcP7\" target=\"_blank\">Kinna-V\u00e4nersborg 2014-12-19<\/a><\/li><li><a href=\"https:\/\/goo.gl\/photos\/Ticye6BZbukNEU987\">Sandared-Kinna 2015-01-17<\/a><\/li><li><a href=\"https:\/\/goo.gl\/photos\/GqhVveEoKarszbBP9\">Kinna-Fristad 2015-01-23<\/a><\/li><li><a href=\"https:\/\/goo.gl\/photos\/1qD62DsFpYuwaaTg7\">Kinna-Rydboholm 2015-01-30<\/a><\/li><li><a href=\"https:\/\/goo.gl\/photos\/gJjB2paLKneMDZ3S6\">Tranemo-Kinna 2015-02-21<\/a><\/li><li><a href=\"https:\/\/goo.gl\/photos\/etHq5oKtWcas96wLA\">Kinna-Alings\u00e5s 2015-02-28<\/a><\/li><li><a href=\"https:\/\/goo.gl\/photos\/BhnbZA2ZGKpezmJA6\">V\u00e4nersborg-Kinna 2015-03-07<\/a><\/li><\/ul>\n\n\n\n<p>Cuper &amp; tr\u00e4ningsmatcher<\/p>\n\n\n\n<ul><li><a href=\"https:\/\/goo.gl\/photos\/e3frWPBWYvHuCx1k7\">Gothia Cup 2015<\/a><\/li><li><a href=\"https:\/\/photos.app.goo.gl\/wAqGYD9oHXo6ELxz6\" target=\"_blank\" rel=\"noreferrer noopener\">Tr\u00e4ningsmatch 2014-09-24<\/a><\/li><\/ul>\n\n\n\n<p><\/p>\n","protected":false},"excerpt":{"rendered":"<p>F13 V\u00e4sterg\u00f6tland Rydboholm-Kinna 2014-11-09 Kinna-Tranemo 2014-11-22 Alings\u00e5s-Kinna 2014-11-29 Kinna-V\u00e4nersborg 2014-12-19 Sandared-Kinna 2015-01-17 Kinna-Fristad 2015-01-23 Kinna-Rydboholm 2015-01-30 Tranemo-Kinna 2015-02-21 Kinna-Alings\u00e5s 2015-02-28<\/p>\n<p class=\"more-link\"><a href=\"https:\/\/d.durling.nu\/?page_id=170\" class=\"readmore\">Continue reading&#8230;<span class=\"screen-reader-text\">2014\/2015<\/span><\/a><\/p>\n","protected":false},"author":1,"featured_media":0,"parent":60,"menu_order":0,"comment_status":"closed","ping_status":"closed","template":"","meta":[],"yoast_head":"<!-- This site is optimized with the Yoast SEO plugin v15.1.1 - https:\/\/yoast.com\/wordpress\/plugins\/seo\/ -->\n<title>2014\/2015 - d.durling<\/title>\n<meta name=\"robots\" content=\"index, follow, max-snippet:-1, max-image-preview:large, max-video-preview:-1\" \/>\n<link rel=\"canonical\" href=\"https:\/\/d.durling.nu\/?page_id=170\" \/>\n<meta property=\"og:locale\" content=\"en_US\" \/>\n<meta property=\"og:type\" content=\"article\" \/>\n<meta property=\"og:title\" content=\"2014\/2015 - d.durling\" \/>\n<meta property=\"og:description\" content=\"F13 V\u00e4sterg\u00f6tland Rydboholm-Kinna 2014-11-09 Kinna-Tranemo 2014-11-22 Alings\u00e5s-Kinna 2014-11-29 Kinna-V\u00e4nersborg 2014-12-19 Sandared-Kinna 2015-01-17 Kinna-Fristad 2015-01-23 Kinna-Rydboholm 2015-01-30 Tranemo-Kinna 2015-02-21 Kinna-Alings\u00e5s 2015-02-28Continue reading...2014\/2015\" \/>\n<meta property=\"og:url\" content=\"https:\/\/d.durling.nu\/?page_id=170\" \/>\n<meta property=\"og:site_name\" content=\"d.durling\" \/>\n<meta property=\"article:modified_time\" content=\"2021-11-05T22:18:52+00:00\" \/>\n<meta name=\"twitter:card\" content=\"summary_large_image\" \/>\n<script type=\"application\/ld+json\" class=\"yoast-schema-graph\">{\"@context\":\"https:\/\/schema.org\",\"@graph\":[{\"@type\":\"WebSite\",\"@id\":\"https:\/\/d.durling.nu\/#website\",\"url\":\"https:\/\/d.durling.nu\/\",\"name\":\"d.durling\",\"description\":\"Floorball photos\",\"potentialAction\":[{\"@type\":\"SearchAction\",\"target\":\"https:\/\/d.durling.nu\/?s={search_term_string}\",\"query-input\":\"required name=search_term_string\"}],\"inLanguage\":\"en-US\"},{\"@type\":\"WebPage\",\"@id\":\"https:\/\/d.durling.nu\/?page_id=170#webpage\",\"url\":\"https:\/\/d.durling.nu\/?page_id=170\",\"name\":\"2014\/2015 - d.durling\",\"isPartOf\":{\"@id\":\"https:\/\/d.durling.nu\/#website\"},\"datePublished\":\"2020-10-30T22:00:17+00:00\",\"dateModified\":\"2021-11-05T22:18:52+00:00\",\"inLanguage\":\"en-US\",\"potentialAction\":[{\"@type\":\"ReadAction\",\"target\":[\"https:\/\/d.durling.nu\/?page_id=170\"]}]}]}<\/script>\n<!-- \/ Yoast SEO plugin. -->","_links":{"self":[{"href":"https:\/\/d.durling.nu\/index.php?rest_route=\/wp\/v2\/pages\/170"}],"collection":[{"href":"https:\/\/d.durling.nu\/index.php?rest_route=\/wp\/v2\/pages"}],"about":[{"href":"https:\/\/d.durling.nu\/index.php?rest_route=\/wp\/v2\/types\/page"}],"author":[{"embeddable":true,"href":"https:\/\/d.durling.nu\/index.php?rest_route=\/wp\/v2\/users\/1"}],"replies":[{"embeddable":true,"href":"https:\/\/d.durling.nu\/index.php?rest_route=%2Fwp%2Fv2%2Fcomments&post=170"}],"version-history":[{"count":14,"href":"https:\/\/d.durling.nu\/index.php?rest_route=\/wp\/v2\/pages\/170\/revisions"}],"predecessor-version":[{"id":344,"href":"https:\/\/d.durling.nu\/index.php?rest_route=\/wp\/v2\/pages\/170\/revisions\/344"}],"up":[{"embeddable":true,"href":"https:\/\/d.durling.nu\/index.php?rest_route=\/wp\/v2\/pages\/60"}],"wp:attachment":[{"href":"https:\/\/d.durling.nu\/index.php?rest_route=%2Fwp%2Fv2%2Fmedia&parent=170"}],"curies":[{"name":"wp","href":"https:\/\/api.w.org\/{rel}","templated":true}]}}