{"id":187,"date":"2020-10-30T22:23:26","date_gmt":"2020-10-30T22:23:26","guid":{"rendered":"https:\/\/d.durling.nu\/?page_id=187"},"modified":"2020-10-31T07:41:32","modified_gmt":"2020-10-31T07:41:32","slug":"2016-2017","status":"publish","type":"page","link":"https:\/\/d.durling.nu\/?page_id=187","title":{"rendered":"2016\/2017"},"content":{"rendered":"\n<p>F15 V\u00e4sterg\u00f6tland<\/p>\n\n\n\n<ul><li><a href=\"https:\/\/photos.google.com\/share\/AF1QipNNPeLJsdJWuV9yJXHkZFgo7U6uSMSUL-Xrb-FuUHnvUg69r46NcmyRf0aq97tlkA?key=dDJpdDBYV19mbGxEeFBxN2FvNFdlWF9MblNrZVJR\" target=\"_blank\" rel=\"noreferrer noopener\">Fr\u00f6jered-Kinna 2016-10-09<\/a><\/li><li><a href=\"https:\/\/goo.gl\/photos\/fCGhaZr3Z3SS76ez7\" target=\"_blank\" rel=\"noreferrer noopener\">Kinna-Fristad 2016-10-15<\/a><\/li><li><a rel=\"noreferrer noopener\" href=\"https:\/\/goo.gl\/photos\/TLzH9WQQhtTcE6Cq7\" target=\"_blank\">Alings\u00e5s-Kinna 2016-10-23<\/a><\/li><li><a rel=\"noreferrer noopener\" href=\"https:\/\/goo.gl\/photos\/3nW8AP7fGpYofrPi7\" target=\"_blank\">Kinna-W\u00e5rg\u00e5rda 2016-10-30<\/a><\/li><li><a rel=\"noreferrer noopener\" href=\"https:\/\/goo.gl\/photos\/3mGq3we3zrJiVAtV8\" target=\"_blank\">Lockerud-Kinna 2016-11-05<\/a><\/li><li><a rel=\"noreferrer noopener\" href=\"https:\/\/goo.gl\/photos\/QUUkkddBCZZKJfD68\" target=\"_blank\">Kinna-Sandared 2016-11-19<\/a><\/li><li><a rel=\"noreferrer noopener\" href=\"https:\/\/goo.gl\/photos\/JhAtFrN62yXrojrJ7\" target=\"_blank\">Kinna-Lidk\u00f6ping 2016-11-20<\/a><\/li><li><a rel=\"noreferrer noopener\" href=\"https:\/\/goo.gl\/photos\/SrwbSj7bYjgVqjaXA\" target=\"_blank\">Skara-Kinna 2016-11-27<\/a><\/li><li><a rel=\"noreferrer noopener\" href=\"https:\/\/goo.gl\/photos\/sfSsWDihjUKUQrfq7\" target=\"_blank\">Kinna-V\u00e4nersborg 2016-12-03<\/a><\/li><li><a rel=\"noreferrer noopener\" href=\"https:\/\/goo.gl\/photos\/GzHugJUVrNqxVRYW9\" target=\"_blank\">Mullsj\u00f6-Kinna 2016-12-10<\/a><\/li><li><a rel=\"noreferrer noopener\" href=\"https:\/\/goo.gl\/photos\/vPk6JMLL1E7FvXN9A\" target=\"_blank\">Kinna-Fr\u00f6jered 2016-12-17<\/a><\/li><li><a rel=\"noreferrer noopener\" href=\"https:\/\/goo.gl\/photos\/CCMqr5zrYZWUB9Mx5\" target=\"_blank\">Lidk\u00f6ping-Kinna 2016-01-15<\/a><\/li><li><a rel=\"noreferrer noopener\" href=\"https:\/\/goo.gl\/photos\/DYqF9GhtfKCTKF1z7\" target=\"_blank\">Fristad-Kinna 2017-01-21<\/a><\/li><li><a rel=\"noreferrer noopener\" href=\"https:\/\/goo.gl\/photos\/SFMgFCgEHBMHt6CMA\" target=\"_blank\">Kinna-Alings\u00e5s 2017-01-28<\/a><\/li><li><a rel=\"noreferrer noopener\" href=\"https:\/\/goo.gl\/photos\/yynteMJS6kx8GcGv8\" target=\"_blank\">W\u00e5rg\u00e5rda-Kinna 2017-02-04<\/a><\/li><li><a rel=\"noreferrer noopener\" href=\"https:\/\/goo.gl\/photos\/1os8iK3ituE7eK7W7\" target=\"_blank\">Sandared-Kinna 2017-02-25<\/a><\/li><li><a rel=\"noreferrer noopener\" href=\"https:\/\/goo.gl\/photos\/Ag55YCdDPxx6YrdD9\" target=\"_blank\">Kinna-Skara 2017-03-04<\/a><\/li><li><a rel=\"noreferrer noopener\" href=\"https:\/\/goo.gl\/photos\/TLzpx8m6BkhE5DNF8\" target=\"_blank\">V\u00e4nersborg-Kinna 2017-03-11<\/a><\/li><li><a rel=\"noreferrer noopener\" href=\"https:\/\/goo.gl\/photos\/VLibT4DufNteBqi66\" target=\"_blank\">Kinna-Mullsj\u00f6 2017-03-18<\/a><\/li><\/ul>\n\n\n\n<p>Cuper &amp; tr\u00e4ningmatcher<\/p>\n\n\n\n<ul><li><a rel=\"noreferrer noopener\" href=\"https:\/\/goo.gl\/photos\/ir11zh3CmhE2nbu67\" target=\"_blank\">B\u00e4stkustkupen 2016<\/a><\/li><li><a rel=\"noreferrer noopener\" href=\"https:\/\/goo.gl\/photos\/Q9EVGGEeuukpDm4e6\" target=\"_blank\">Kinna-Fristad tr\u00e4ningsmatch 2016-12-29<\/a><\/li><li><a rel=\"noreferrer noopener\" href=\"https:\/\/goo.gl\/photos\/2ZknfEY2JFB4b6x17\" target=\"_blank\">Gothiainnebandy Cup 2017<\/a><\/li><li><a rel=\"noreferrer noopener\" href=\"https:\/\/goo.gl\/photos\/rSEWr6ANMQGXm8uo9\" target=\"_blank\">Ladies Only Cup 2017-05-06<\/a><\/li><li><a rel=\"noreferrer noopener\" href=\"https:\/\/goo.gl\/photos\/EoiuHNY2C3pBXM3B6\" target=\"_blank\">Ladies Only Cup 2017-05-07<\/a><\/li><\/ul>\n","protected":false},"excerpt":{"rendered":"<p>F15 V\u00e4sterg\u00f6tland Fr\u00f6jered-Kinna 2016-10-09 Kinna-Fristad 2016-10-15 Alings\u00e5s-Kinna 2016-10-23 Kinna-W\u00e5rg\u00e5rda 2016-10-30 Lockerud-Kinna 2016-11-05 Kinna-Sandared 2016-11-19 Kinna-Lidk\u00f6ping 2016-11-20 Skara-Kinna 2016-11-27 Kinna-V\u00e4nersborg 2016-12-03<\/p>\n<p class=\"more-link\"><a href=\"https:\/\/d.durling.nu\/?page_id=187\" class=\"readmore\">Continue reading&#8230;<span class=\"screen-reader-text\">2016\/2017<\/span><\/a><\/p>\n","protected":false},"author":1,"featured_media":0,"parent":60,"menu_order":0,"comment_status":"closed","ping_status":"closed","template":"","meta":[],"yoast_head":"<!-- This site is optimized with the Yoast SEO plugin v15.1.1 - https:\/\/yoast.com\/wordpress\/plugins\/seo\/ -->\n<title>2016\/2017 - d.durling<\/title>\n<meta name=\"robots\" content=\"index, follow, max-snippet:-1, max-image-preview:large, max-video-preview:-1\" \/>\n<link rel=\"canonical\" href=\"https:\/\/d.durling.nu\/?page_id=187\" \/>\n<meta property=\"og:locale\" content=\"en_US\" \/>\n<meta property=\"og:type\" content=\"article\" \/>\n<meta property=\"og:title\" content=\"2016\/2017 - d.durling\" \/>\n<meta property=\"og:description\" content=\"F15 V\u00e4sterg\u00f6tland Fr\u00f6jered-Kinna 2016-10-09 Kinna-Fristad 2016-10-15 Alings\u00e5s-Kinna 2016-10-23 Kinna-W\u00e5rg\u00e5rda 2016-10-30 Lockerud-Kinna 2016-11-05 Kinna-Sandared 2016-11-19 Kinna-Lidk\u00f6ping 2016-11-20 Skara-Kinna 2016-11-27 Kinna-V\u00e4nersborg 2016-12-03Continue reading...2016\/2017\" \/>\n<meta property=\"og:url\" content=\"https:\/\/d.durling.nu\/?page_id=187\" \/>\n<meta property=\"og:site_name\" content=\"d.durling\" \/>\n<meta property=\"article:modified_time\" content=\"2020-10-31T07:41:32+00:00\" \/>\n<meta name=\"twitter:card\" content=\"summary_large_image\" \/>\n<script type=\"application\/ld+json\" class=\"yoast-schema-graph\">{\"@context\":\"https:\/\/schema.org\",\"@graph\":[{\"@type\":\"WebSite\",\"@id\":\"https:\/\/d.durling.nu\/#website\",\"url\":\"https:\/\/d.durling.nu\/\",\"name\":\"d.durling\",\"description\":\"Floorball photos\",\"potentialAction\":[{\"@type\":\"SearchAction\",\"target\":\"https:\/\/d.durling.nu\/?s={search_term_string}\",\"query-input\":\"required name=search_term_string\"}],\"inLanguage\":\"en-US\"},{\"@type\":\"WebPage\",\"@id\":\"https:\/\/d.durling.nu\/?page_id=187#webpage\",\"url\":\"https:\/\/d.durling.nu\/?page_id=187\",\"name\":\"2016\/2017 - d.durling\",\"isPartOf\":{\"@id\":\"https:\/\/d.durling.nu\/#website\"},\"datePublished\":\"2020-10-30T22:23:26+00:00\",\"dateModified\":\"2020-10-31T07:41:32+00:00\",\"inLanguage\":\"en-US\",\"potentialAction\":[{\"@type\":\"ReadAction\",\"target\":[\"https:\/\/d.durling.nu\/?page_id=187\"]}]}]}<\/script>\n<!-- \/ Yoast SEO plugin. -->","_links":{"self":[{"href":"https:\/\/d.durling.nu\/index.php?rest_route=\/wp\/v2\/pages\/187"}],"collection":[{"href":"https:\/\/d.durling.nu\/index.php?rest_route=\/wp\/v2\/pages"}],"about":[{"href":"https:\/\/d.durling.nu\/index.php?rest_route=\/wp\/v2\/types\/page"}],"author":[{"embeddable":true,"href":"https:\/\/d.durling.nu\/index.php?rest_route=\/wp\/v2\/users\/1"}],"replies":[{"embeddable":true,"href":"https:\/\/d.durling.nu\/index.php?rest_route=%2Fwp%2Fv2%2Fcomments&post=187"}],"version-history":[{"count":2,"href":"https:\/\/d.durling.nu\/index.php?rest_route=\/wp\/v2\/pages\/187\/revisions"}],"predecessor-version":[{"id":199,"href":"https:\/\/d.durling.nu\/index.php?rest_route=\/wp\/v2\/pages\/187\/revisions\/199"}],"up":[{"embeddable":true,"href":"https:\/\/d.durling.nu\/index.php?rest_route=\/wp\/v2\/pages\/60"}],"wp:attachment":[{"href":"https:\/\/d.durling.nu\/index.php?rest_route=%2Fwp%2Fv2%2Fmedia&parent=187"}],"curies":[{"name":"wp","href":"https:\/\/api.w.org\/{rel}","templated":true}]}}