{"id":200,"date":"2020-10-31T21:50:11","date_gmt":"2020-10-31T21:50:11","guid":{"rendered":"https:\/\/d.durling.nu\/?page_id=200"},"modified":"2021-02-02T21:27:14","modified_gmt":"2021-02-02T21:27:14","slug":"2011-2012","status":"publish","type":"page","link":"https:\/\/d.durling.nu\/?page_id=200","title":{"rendered":"2011\/2012"},"content":{"rendered":"\n<p>F00\/01 S\u00f6V V\u00e4sterg\u00f6tland<\/p>\n\n\n\n<ul><li><a rel=\"noreferrer noopener nofollow\" href=\"https:\/\/photos.app.goo.gl\/oxDhJR3cGbuLn95m6\" target=\"_blank\">Fristad 2011-10-22<\/a><\/li><li><a rel=\"noreferrer noopener nofollow\" href=\"https:\/\/photos.app.goo.gl\/qd52ztNrfpRf7Zz19\" target=\"_blank\">Alings\u00e5s 2011-11-21<\/a><\/li><li><a href=\"https:\/\/photos.app.goo.gl\/YUcTDZjuw59XAoMN6\" target=\"_blank\" rel=\"noreferrer noopener\">Sm\u00e5landsstenar 2011-12-03<\/a><\/li><li><a href=\"https:\/\/photos.app.goo.gl\/TXvUmFzk9vZhm1GFA\" target=\"_blank\" rel=\"noreferrer noopener\">\u00c4ngshallen 2012-01-29<\/a><\/li><li><a rel=\"noreferrer noopener\" href=\"https:\/\/photos.app.goo.gl\/x4cCePE4mXXMfVQD9\" target=\"_blank\">Viskafors 2012-02-26<\/a><\/li><\/ul>\n\n\n\n<p><\/p>\n","protected":false},"excerpt":{"rendered":"<p>F00\/01 S\u00f6V V\u00e4sterg\u00f6tland Fristad 2011-10-22 Alings\u00e5s 2011-11-21 Sm\u00e5landsstenar 2011-12-03 \u00c4ngshallen 2012-01-29 Viskafors 2012-02-26<\/p>\n","protected":false},"author":1,"featured_media":0,"parent":0,"menu_order":0,"comment_status":"closed","ping_status":"closed","template":"","meta":[],"yoast_head":"<!-- This site is optimized with the Yoast SEO plugin v15.1.1 - https:\/\/yoast.com\/wordpress\/plugins\/seo\/ -->\n<title>2011\/2012 - d.durling<\/title>\n<meta name=\"robots\" content=\"index, follow, max-snippet:-1, max-image-preview:large, max-video-preview:-1\" \/>\n<link rel=\"canonical\" href=\"https:\/\/d.durling.nu\/?page_id=200\" \/>\n<meta property=\"og:locale\" content=\"en_US\" \/>\n<meta property=\"og:type\" content=\"article\" \/>\n<meta property=\"og:title\" content=\"2011\/2012 - d.durling\" \/>\n<meta property=\"og:description\" content=\"F00\/01 S\u00f6V V\u00e4sterg\u00f6tland Fristad 2011-10-22 Alings\u00e5s 2011-11-21 Sm\u00e5landsstenar 2011-12-03 \u00c4ngshallen 2012-01-29 Viskafors 2012-02-26\" \/>\n<meta property=\"og:url\" content=\"https:\/\/d.durling.nu\/?page_id=200\" \/>\n<meta property=\"og:site_name\" content=\"d.durling\" \/>\n<meta property=\"article:modified_time\" content=\"2021-02-02T21:27:14+00:00\" \/>\n<meta name=\"twitter:card\" content=\"summary_large_image\" \/>\n<script type=\"application\/ld+json\" class=\"yoast-schema-graph\">{\"@context\":\"https:\/\/schema.org\",\"@graph\":[{\"@type\":\"WebSite\",\"@id\":\"https:\/\/d.durling.nu\/#website\",\"url\":\"https:\/\/d.durling.nu\/\",\"name\":\"d.durling\",\"description\":\"Floorball photos\",\"potentialAction\":[{\"@type\":\"SearchAction\",\"target\":\"https:\/\/d.durling.nu\/?s={search_term_string}\",\"query-input\":\"required name=search_term_string\"}],\"inLanguage\":\"en-US\"},{\"@type\":\"WebPage\",\"@id\":\"https:\/\/d.durling.nu\/?page_id=200#webpage\",\"url\":\"https:\/\/d.durling.nu\/?page_id=200\",\"name\":\"2011\/2012 - d.durling\",\"isPartOf\":{\"@id\":\"https:\/\/d.durling.nu\/#website\"},\"datePublished\":\"2020-10-31T21:50:11+00:00\",\"dateModified\":\"2021-02-02T21:27:14+00:00\",\"inLanguage\":\"en-US\",\"potentialAction\":[{\"@type\":\"ReadAction\",\"target\":[\"https:\/\/d.durling.nu\/?page_id=200\"]}]}]}<\/script>\n<!-- \/ Yoast SEO plugin. -->","_links":{"self":[{"href":"https:\/\/d.durling.nu\/index.php?rest_route=\/wp\/v2\/pages\/200"}],"collection":[{"href":"https:\/\/d.durling.nu\/index.php?rest_route=\/wp\/v2\/pages"}],"about":[{"href":"https:\/\/d.durling.nu\/index.php?rest_route=\/wp\/v2\/types\/page"}],"author":[{"embeddable":true,"href":"https:\/\/d.durling.nu\/index.php?rest_route=\/wp\/v2\/users\/1"}],"replies":[{"embeddable":true,"href":"https:\/\/d.durling.nu\/index.php?rest_route=%2Fwp%2Fv2%2Fcomments&post=200"}],"version-history":[{"count":7,"href":"https:\/\/d.durling.nu\/index.php?rest_route=\/wp\/v2\/pages\/200\/revisions"}],"predecessor-version":[{"id":239,"href":"https:\/\/d.durling.nu\/index.php?rest_route=\/wp\/v2\/pages\/200\/revisions\/239"}],"wp:attachment":[{"href":"https:\/\/d.durling.nu\/index.php?rest_route=%2Fwp%2Fv2%2Fmedia&parent=200"}],"curies":[{"name":"wp","href":"https:\/\/api.w.org\/{rel}","templated":true}]}}