{"id":211,"date":"2020-10-31T22:08:50","date_gmt":"2020-10-31T22:08:50","guid":{"rendered":"https:\/\/d.durling.nu\/?page_id=211"},"modified":"2021-05-22T07:25:18","modified_gmt":"2021-05-22T07:25:18","slug":"2013-2014","status":"publish","type":"page","link":"https:\/\/d.durling.nu\/?page_id=211","title":{"rendered":"2013\/2014"},"content":{"rendered":"\n<p>F01\/02 S\u00f6dra V\u00e4strag\u00f6taland<\/p>\n\n\n\n<ul><li><a rel=\"noreferrer noopener\" href=\"https:\/\/photos.app.goo.gl\/9zBJTWoJZ2wuR21a8\" target=\"_blank\">Sandared 2013-10-19<\/a><\/li><li><a rel=\"noreferrer noopener\" href=\"https:\/\/photos.app.goo.gl\/WN8K3WhG4w8A3QfQ8\" target=\"_blank\">Bor\u00e5s 2013-10-26<\/a><\/li><li><a rel=\"noreferrer noopener\" href=\"https:\/\/photos.app.goo.gl\/M2u1UXHAVv8wFanQ6\" target=\"_blank\">\u00c4ngshallen 2013-11-16<\/a><\/li><li><a rel=\"noreferrer noopener\" href=\"https:\/\/photos.app.goo.gl\/YrkAGdFktJ7PC6Aa6\" target=\"_blank\">Tidaholm 2013-12-07<\/a><\/li><li><a href=\"https:\/\/photos.app.goo.gl\/xbftgADTdnSqzLLMA\" target=\"_blank\" rel=\"noreferrer noopener\">Viskafors 2014-01-25<\/a><\/li><li><a href=\"https:\/\/photos.app.goo.gl\/NQy1fav7QKiA1FiZ9\" target=\"_blank\" rel=\"noreferrer noopener\">Alings\u00e5s 2014-03-01<\/a><\/li><\/ul>\n\n\n\n<p><\/p>\n","protected":false},"excerpt":{"rendered":"<p>F01\/02 S\u00f6dra V\u00e4strag\u00f6taland Sandared 2013-10-19 Bor\u00e5s 2013-10-26 \u00c4ngshallen 2013-11-16 Tidaholm 2013-12-07 Viskafors 2014-01-25 Alings\u00e5s 2014-03-01<\/p>\n","protected":false},"author":1,"featured_media":0,"parent":0,"menu_order":0,"comment_status":"closed","ping_status":"closed","template":"","meta":[],"yoast_head":"<!-- This site is optimized with the Yoast SEO plugin v15.1.1 - https:\/\/yoast.com\/wordpress\/plugins\/seo\/ -->\n<title>2013\/2014 - d.durling<\/title>\n<meta name=\"robots\" content=\"index, follow, max-snippet:-1, max-image-preview:large, max-video-preview:-1\" \/>\n<link rel=\"canonical\" href=\"https:\/\/d.durling.nu\/?page_id=211\" \/>\n<meta property=\"og:locale\" content=\"en_US\" \/>\n<meta property=\"og:type\" content=\"article\" \/>\n<meta property=\"og:title\" content=\"2013\/2014 - d.durling\" \/>\n<meta property=\"og:description\" content=\"F01\/02 S\u00f6dra V\u00e4strag\u00f6taland Sandared 2013-10-19 Bor\u00e5s 2013-10-26 \u00c4ngshallen 2013-11-16 Tidaholm 2013-12-07 Viskafors 2014-01-25 Alings\u00e5s 2014-03-01\" \/>\n<meta property=\"og:url\" content=\"https:\/\/d.durling.nu\/?page_id=211\" \/>\n<meta property=\"og:site_name\" content=\"d.durling\" \/>\n<meta property=\"article:modified_time\" content=\"2021-05-22T07:25:18+00:00\" \/>\n<meta name=\"twitter:card\" content=\"summary_large_image\" \/>\n<script type=\"application\/ld+json\" class=\"yoast-schema-graph\">{\"@context\":\"https:\/\/schema.org\",\"@graph\":[{\"@type\":\"WebSite\",\"@id\":\"https:\/\/d.durling.nu\/#website\",\"url\":\"https:\/\/d.durling.nu\/\",\"name\":\"d.durling\",\"description\":\"Floorball photos\",\"potentialAction\":[{\"@type\":\"SearchAction\",\"target\":\"https:\/\/d.durling.nu\/?s={search_term_string}\",\"query-input\":\"required name=search_term_string\"}],\"inLanguage\":\"en-US\"},{\"@type\":\"WebPage\",\"@id\":\"https:\/\/d.durling.nu\/?page_id=211#webpage\",\"url\":\"https:\/\/d.durling.nu\/?page_id=211\",\"name\":\"2013\/2014 - d.durling\",\"isPartOf\":{\"@id\":\"https:\/\/d.durling.nu\/#website\"},\"datePublished\":\"2020-10-31T22:08:50+00:00\",\"dateModified\":\"2021-05-22T07:25:18+00:00\",\"inLanguage\":\"en-US\",\"potentialAction\":[{\"@type\":\"ReadAction\",\"target\":[\"https:\/\/d.durling.nu\/?page_id=211\"]}]}]}<\/script>\n<!-- \/ Yoast SEO plugin. -->","_links":{"self":[{"href":"https:\/\/d.durling.nu\/index.php?rest_route=\/wp\/v2\/pages\/211"}],"collection":[{"href":"https:\/\/d.durling.nu\/index.php?rest_route=\/wp\/v2\/pages"}],"about":[{"href":"https:\/\/d.durling.nu\/index.php?rest_route=\/wp\/v2\/types\/page"}],"author":[{"embeddable":true,"href":"https:\/\/d.durling.nu\/index.php?rest_route=\/wp\/v2\/users\/1"}],"replies":[{"embeddable":true,"href":"https:\/\/d.durling.nu\/index.php?rest_route=%2Fwp%2Fv2%2Fcomments&post=211"}],"version-history":[{"count":7,"href":"https:\/\/d.durling.nu\/index.php?rest_route=\/wp\/v2\/pages\/211\/revisions"}],"predecessor-version":[{"id":260,"href":"https:\/\/d.durling.nu\/index.php?rest_route=\/wp\/v2\/pages\/211\/revisions\/260"}],"wp:attachment":[{"href":"https:\/\/d.durling.nu\/index.php?rest_route=%2Fwp%2Fv2%2Fmedia&parent=211"}],"curies":[{"name":"wp","href":"https:\/\/api.w.org\/{rel}","templated":true}]}}