{"id":61,"date":"2020-10-25T18:26:27","date_gmt":"2020-10-25T18:26:27","guid":{"rendered":"https:\/\/d.durling.nu\/?page_id=61"},"modified":"2022-09-26T08:46:01","modified_gmt":"2022-09-26T07:46:01","slug":"kinna-f0506","status":"publish","type":"page","link":"https:\/\/d.durling.nu\/?page_id=61","title":{"rendered":"Kinna IBK F0506"},"content":{"rendered":"\n<div class=\"wp-block-cover alignfull has-white-background-color is-position-center-center\" style=\"background-image:url(https:\/\/d.durling.nu\/wp-content\/uploads\/2020\/10\/3I1A5773-2-scaled.jpg);background-position:50% 84%;min-height:600px\"><div class=\"wp-block-cover__inner-container\">\n<p class=\"has-text-align-center has-medium-gray-color has-text-color\" style=\"font-size:49px\"><\/p>\n<\/div><\/div>\n\n\n\n<h2>2021\/22<\/h2>\n\n\n\n<p>Pantamera F15 V\u00e4sterg\u00f6tland<\/p>\n\n\n\n<ul><li><a rel=\"noreferrer noopener\" href=\"https:\/\/photos.app.goo.gl\/LNN1x44xE6ZeLcbq7\" target=\"_blank\">Fristad-Kinna 2021-11-05<\/a><\/li><li><a rel=\"noreferrer noopener\" href=\"https:\/\/photos.app.goo.gl\/ZkKo9RbdAvdByJxy8\" target=\"_blank\">Kinna-V\u00e4nersborg 2021-11-07<\/a><\/li><li><a rel=\"noreferrer noopener\" href=\"https:\/\/photos.app.goo.gl\/JmTcyoBsTEaJhwgZ8\" target=\"_blank\">Kinna-Alings\u00e5s 2021-12-04<\/a><\/li><li><a rel=\"noreferrer noopener\" href=\"https:\/\/photos.app.goo.gl\/7U3FbrtFVJe2DsAu6\" target=\"_blank\">Kinna-Lockerud 2022-01-15<\/a><\/li><li><a rel=\"noreferrer noopener\" href=\"https:\/\/photos.app.goo.gl\/UZTEM1PCRRTpswXJ7\" target=\"_blank\">Alings\u00e5s-Kinna 2022-03-06<\/a><\/li><li><a href=\"https:\/\/photos.app.goo.gl\/G9ApeiFH9Kq7qRyb7\" target=\"_blank\" rel=\"noreferrer noopener\">Kinna-TT 2022-03-11<\/a><\/li><\/ul>\n\n\n\n<p>Tr\u00e4ningsmatcher &amp; Cuper<\/p>\n\n\n\n<ul><li><a rel=\"noreferrer noopener\" href=\"https:\/\/photos.app.goo.gl\/BX42KwTpkhJRxFDz5\" target=\"_blank\">Kinna-Viskadalen 2021-10-13<\/a><\/li><li><a href=\"https:\/\/photos.app.goo.gl\/V7xGYJrVYxCUdMtFA\" target=\"_blank\" rel=\"noreferrer noopener\">FairPlay Cup 2022-03-26<\/a><\/li><\/ul>\n\n\n\n<h2>2020\/21<\/h2>\n\n\n\n<p>Flickor R\u00f6d 2 Halland<\/p>\n\n\n\n<ul><li><a href=\"https:\/\/photos.app.goo.gl\/aiiqMK7nEjb3dhNLA\" target=\"_blank\" rel=\"noreferrer noopener\">Kinna-Onsala 2020-10-14<\/a><\/li><li><a href=\"https:\/\/photos.app.goo.gl\/aiiqMK7nEjb3dhNLA\" target=\"_blank\" rel=\"noreferrer noopener\">TT99-Kinna 2020-10-11<\/a><\/li><\/ul>\n\n\n\n<p>Cuper<\/p>\n\n\n\n<ul><li><a href=\"https:\/\/photos.app.goo.gl\/M5fCqA4ZxP6ExYBD7\" target=\"_blank\" rel=\"noreferrer noopener\">B\u00e4stkustcupen 2020-09-25\/27<\/a><\/li><\/ul>\n\n\n\n<h2>2019\/2020<\/h2>\n\n\n\n<p>Pantamera F13 V\u00e4sterg\u00f6tland<\/p>\n\n\n\n<ul><li><a href=\"https:\/\/photos.app.goo.gl\/xKpakp3N9PjCufvx7\" target=\"_blank\" rel=\"noreferrer noopener\">Kinna-Alings\u00e5s 2019-10-01<\/a><\/li><li><a href=\"https:\/\/photos.app.goo.gl\/EZdrcBW21KqaZfGh8\" target=\"_blank\" rel=\"noreferrer noopener\">Habo\/Fagerhult-Kinna 2019-10-13<\/a><\/li><li><a href=\"https:\/\/photos.app.goo.gl\/3qFEceuhoWLkraXi9\" target=\"_blank\" rel=\"noreferrer noopener\">Kinna-Fr\u00f6jered 2019-11-10<\/a><\/li><li><a href=\"https:\/\/photos.app.goo.gl\/wN8Vswj7bMR8ySZx9\" target=\"_blank\" rel=\"noreferrer noopener\">S\u00f6dra Ving-Kinna 2019-11-17<\/a><\/li><li><a href=\"https:\/\/photos.app.goo.gl\/VLkyeGZQPgSEdCSh6\" target=\"_blank\" rel=\"noreferrer noopener\">Kinna-V\u00e5rg\u00e5rda 2019-11-24<\/a><\/li><li><a href=\"https:\/\/photos.app.goo.gl\/acJfy8yjCQBLoDzR8\" target=\"_blank\" rel=\"noreferrer noopener\">Kinna-Fristad 2019-12-07<\/a><\/li><li><a href=\"https:\/\/photos.app.goo.gl\/ZPdEFG4GxHYypFH96\" target=\"_blank\" rel=\"noreferrer noopener\">Kinna-Gr\u00e4storp 2020-02-01<\/a><\/li><li><a href=\"https:\/\/photos.app.goo.gl\/tWw6MUssR8VM51wX7\" target=\"_blank\" rel=\"noreferrer noopener\">Fr\u00f6jered-Kinna 2020-02-23<\/a><\/li><li><a href=\"https:\/\/photos.app.goo.gl\/AW1T1gwDm1wHFNVS8\" target=\"_blank\" rel=\"noreferrer noopener\">Kinna-S\u00f6dra ving 2002-03-03<\/a><\/li><\/ul>\n\n\n\n<h2>2018\/2019<\/h2>\n\n\n\n<p>Pantamera F12 V\u00e4sterg\u00f6tland<\/p>\n\n\n\n<ul><li><a href=\"https:\/\/photos.app.goo.gl\/Ams6uetmZs9bDXXm7\" target=\"_blank\" rel=\"noreferrer noopener\">Alings\u00e5s-Kinna IBK 2018-11-04<\/a><\/li><li><a href=\"https:\/\/photos.app.goo.gl\/Voq2kCdKriTofzxU7\" target=\"_blank\" rel=\"noreferrer noopener\">W\u00e5rg\u00e5rda-Kinna 2018-11-18<\/a><\/li><li><a href=\"https:\/\/photos.app.goo.gl\/SXYFCm1iuysJ7P8F8\" target=\"_blank\" rel=\"noreferrer noopener\">Kinna-Tygriket 2018-11-24<\/a><\/li><li><a href=\"https:\/\/photos.app.goo.gl\/KNgkiHzSNNT4cPW4A\" target=\"_blank\" rel=\"noreferrer noopener\">Kinna-Tranemo 2018-11-30<\/a><\/li><li><a href=\"https:\/\/photos.app.goo.gl\/uQ3fuo1uc7RGx6iPA\" target=\"_blank\" rel=\"noreferrer noopener\">Kinna-Fristad 2018-12-16<\/a><\/li><li><a href=\"https:\/\/photos.app.goo.gl\/wH8vbYueU1BjH3Qr5\" target=\"_blank\" rel=\"noreferrer noopener\">Fortnox Cup 2018-12-29<\/a><\/li><li><a href=\"https:\/\/photos.app.goo.gl\/mHrEvdbRSu4SzBN6A\" target=\"_blank\" rel=\"noreferrer noopener\">Tygriket-Kinna 2019-01-20<\/a><\/li><li><a href=\"https:\/\/photos.app.goo.gl\/MRLuwj8qGoyQjhJ4A\" target=\"_blank\" rel=\"noreferrer noopener\">Kinna-Tranemo 2019-01-27<\/a><\/li><li><a href=\"https:\/\/photos.app.goo.gl\/nbfZyUf5DCuBGqiq7\" target=\"_blank\" rel=\"noreferrer noopener\">Alings\u00e5s-Kinna 2019-02-02<\/a><\/li><li><a href=\"https:\/\/photos.app.goo.gl\/aDsgxDTYHMqwSdaJ6\" target=\"_blank\" rel=\"noreferrer noopener\">Kinna-Fristad 2019-02-23<\/a><\/li><li><a href=\"https:\/\/photos.app.goo.gl\/Y6TQkrtk7EAkLiny8\" target=\"_blank\" rel=\"noreferrer noopener\">W\u00e5rg\u00e5rda-Kinna 2019-03-02<\/a><\/li><li><a href=\"https:\/\/photos.app.goo.gl\/XzdrFPJHoupFfQp3A\" target=\"_blank\" rel=\"noreferrer noopener\">Kinna-Tygriket 2019-03-09<\/a><\/li><\/ul>\n\n\n\n<h2>2017\/2018<\/h2>\n\n\n\n<p>Pantamera F11 V\u00e4sterg\u00f6tland<\/p>\n\n\n\n<ul><li><a href=\"https:\/\/photos.app.goo.gl\/JXCR5edRfB3cxW5h1\" target=\"_blank\" rel=\"noreferrer noopener\">Sammandrag Alings\u00e5s 2017-09-08<\/a><\/li><li><a href=\"https:\/\/photos.app.goo.gl\/zJh1USsWLJeFeX3g2\" target=\"_blank\" rel=\"noreferrer noopener\">Sammandrag Kinna 2017-11-12<\/a><\/li><li><a href=\"https:\/\/photos.app.goo.gl\/ujyuRwXsDzHTEu9z1\" target=\"_blank\" rel=\"noreferrer noopener\">Sammandrag Fristad 2017-12-17<\/a><\/li><li><a href=\"https:\/\/photos.app.goo.gl\/aj8DjlBTaPWvhhaG2\" target=\"_blank\" rel=\"noreferrer noopener\">Sammandrag Tranemo 2018-01-26<\/a><\/li><li><a href=\"https:\/\/photos.app.goo.gl\/hSUUhm3ugkD628La2\" target=\"_blank\" rel=\"noreferrer noopener\">Sammandrag \u00d6xab\u00e4ck 2018-03-11<\/a><\/li><\/ul>\n\n\n\n<p>Cuper &amp; tr\u00e4ningsmatcher<\/p>\n\n\n\n<ul><li><a href=\"https:\/\/photos.app.goo.gl\/ifi5G5BMhqrvNgLy2\" target=\"_blank\" rel=\"noreferrer noopener\">Warbergsspelen 2018-04-07<\/a><\/li><li><a href=\"https:\/\/photos.app.goo.gl\/LF0FqnnYbqdh1ieu1\" target=\"_blank\" rel=\"noreferrer noopener\">Warbergsspelen 2018-04-08<\/a><\/li><\/ul>\n\n\n\n<h2>2016\/2017<\/h2>\n\n\n\n<p>Pantamera F10 V\u00e4sterg\u00f6tland<\/p>\n\n\n\n<ul><li><a href=\"https:\/\/goo.gl\/photos\/417Ew9Pz3JnTQ6zS6\" target=\"_blank\" rel=\"noreferrer noopener\">Sammandrag V\u00e5rg\u00e5rda 2016-10-30<\/a><\/li><li><a href=\"https:\/\/goo.gl\/photos\/aEkYgHEdSdYD95mf9\" target=\"_blank\" rel=\"noreferrer noopener\">Sammandrag \u00d6xab\u00e4ck 2016-11-27<\/a><\/li><li><a href=\"https:\/\/goo.gl\/photos\/4vZ7cK8aFQyWHpqt8\" target=\"_blank\" rel=\"noreferrer noopener\">Sammandrag \u00c4ngshallen 2016-12-11<\/a><\/li><li><a href=\"https:\/\/goo.gl\/photos\/gtftDuVvN9gA8kM1A\" target=\"_blank\" rel=\"noreferrer noopener\">Sammandrag Alings\u00e5s 2017-02-04<\/a><\/li><\/ul>\n\n\n\n<p>Cuper &amp; tr\u00e4ningsmatcher<\/p>\n\n\n\n<ul><li><a href=\"https:\/\/goo.gl\/photos\/sear8mfqiUroFeRo6\" target=\"_blank\" rel=\"noreferrer noopener\">Tr\u00e4ningsmatch Lerum-Kinna 2016-10-12<\/a><\/li><li><a href=\"https:\/\/goo.gl\/photos\/XNTWGPqdQQP8yLtf6\" target=\"_blank\" rel=\"noreferrer noopener\">Matchens knattar 2017-01-28<\/a><\/li><li><a href=\"https:\/\/goo.gl\/photos\/YahvtnpcUfWJWKPq5\" target=\"_blank\" rel=\"noreferrer noopener\">Warbergsspelen 2017-04-01<\/a><\/li><li><a href=\"https:\/\/goo.gl\/photos\/hhQYAgJoe5on2UKe9\" target=\"_blank\" rel=\"noreferrer noopener\">Warbergsspelen 2017-04-02<\/a><\/li><li><a href=\"https:\/\/goo.gl\/photos\/LSXYdU43EJuiAc3r9\" target=\"_blank\" rel=\"noreferrer noopener\">Ladies Only Cup 2017-05-06<\/a><\/li><\/ul>\n\n\n\n<h2>2015\/2016<\/h2>\n\n\n\n<p>F9 G\u00f6teborg<\/p>\n\n\n\n<ul><li><a rel=\"noreferrer noopener\" href=\"https:\/\/photos.app.goo.gl\/pj11EL15bXSZnRbT6\" target=\"_blank\">Partille-Kinna 2015-10-03<\/a><\/li><li><a rel=\"noreferrer noopener\" href=\"https:\/\/photos.app.goo.gl\/ueYqbBgvgo3vPmuh7\" target=\"_blank\">Kinna-Landvetter 2015-10-17<\/a><\/li><li><a rel=\"noreferrer noopener\" href=\"https:\/\/photos.app.goo.gl\/MpGb9BQCTQHne26P6\" target=\"_blank\">Kinna-Lindome 2015-11-21<\/a><\/li><li><a rel=\"noreferrer noopener\" href=\"https:\/\/photos.app.goo.gl\/k9LnFZFHMBeSG7bX7\" target=\"_blank\">Kinna-IK Zenith 2015-12-06<\/a><\/li><li><a rel=\"noreferrer noopener\" href=\"https:\/\/photos.app.goo.gl\/qEd66xMT22UCrbedA\" target=\"_blank\">Lerum-Kinna 2016-02-07<\/a><\/li><li><a rel=\"noreferrer noopener\" href=\"https:\/\/photos.app.goo.gl\/3cXkcqAJT9YM2wfs9\" target=\"_blank\">Kinna-Pixbo 2016-02-28<\/a><\/li><li><a href=\"https:\/\/photos.app.goo.gl\/GN6eWk6fgzAmKMpn8\" target=\"_blank\" rel=\"noreferrer noopener\">Kinna-Eken 2016-03-12<\/a><\/li><\/ul>\n\n\n\n<p><\/p>\n\n\n\n<h2>2014\/2015<\/h2>\n\n\n\n<p>F8 G\u00f6teborg<\/p>\n\n\n\n<ul><li><a rel=\"noreferrer noopener\" href=\"https:\/\/photos.app.goo.gl\/AC2hmBkgMucNh7sM9\" target=\"_blank\">Sammandrag M\u00f6lnlycke 2014-10-25<\/a><\/li><li><a rel=\"noreferrer noopener\" href=\"https:\/\/photos.app.goo.gl\/SdEDG9znRLeugLVS7\" target=\"_blank\">Sammandrag Svingeln 2014-11-16<\/a><\/li><li><a rel=\"noreferrer noopener\" href=\"https:\/\/photos.app.goo.gl\/uDQLEaYrB9niNFoS7\" target=\"_blank\">Sammandrag M\u00e4ssan 2014-12-14<\/a><\/li><li><a rel=\"noreferrer noopener\" href=\"https:\/\/photos.app.goo.gl\/p2PGRUvWLrBpGfgb7\" target=\"_blank\">Sammandrag Svingeln 2015-01-24<\/a><\/li><li><a rel=\"noreferrer noopener\" href=\"https:\/\/photos.app.goo.gl\/HNdnoPzBBkP2MPnj8\" target=\"_blank\">Sammandrag Floda 2015-03-01<\/a> <\/li><\/ul>\n\n\n\n<p><\/p>\n","protected":false},"excerpt":{"rendered":"<p>2021\/22 Pantamera F15 V\u00e4sterg\u00f6tland Fristad-Kinna 2021-11-05 Kinna-V\u00e4nersborg 2021-11-07 Kinna-Alings\u00e5s 2021-12-04 Kinna-Lockerud 2022-01-15 Alings\u00e5s-Kinna 2022-03-06 Kinna-TT 2022-03-11 Tr\u00e4ningsmatcher &amp; Cuper Kinna-Viskadalen<\/p>\n<p class=\"more-link\"><a href=\"https:\/\/d.durling.nu\/?page_id=61\" class=\"readmore\">Continue reading&#8230;<span class=\"screen-reader-text\">Kinna IBK F0506<\/span><\/a><\/p>\n","protected":false},"author":1,"featured_media":159,"parent":0,"menu_order":0,"comment_status":"closed","ping_status":"closed","template":"","meta":[],"yoast_head":"<!-- This site is optimized with the Yoast SEO plugin v15.1.1 - https:\/\/yoast.com\/wordpress\/plugins\/seo\/ -->\n<title>Kinna IBK F0506 - d.durling<\/title>\n<meta name=\"robots\" content=\"index, follow, max-snippet:-1, max-image-preview:large, max-video-preview:-1\" \/>\n<link rel=\"canonical\" href=\"https:\/\/d.durling.nu\/?page_id=61\" \/>\n<meta property=\"og:locale\" content=\"en_US\" \/>\n<meta property=\"og:type\" content=\"article\" \/>\n<meta property=\"og:title\" content=\"Kinna IBK F0506 - d.durling\" \/>\n<meta property=\"og:description\" content=\"2021\/22 Pantamera F15 V\u00e4sterg\u00f6tland Fristad-Kinna 2021-11-05 Kinna-V\u00e4nersborg 2021-11-07 Kinna-Alings\u00e5s 2021-12-04 Kinna-Lockerud 2022-01-15 Alings\u00e5s-Kinna 2022-03-06 Kinna-TT 2022-03-11 Tr\u00e4ningsmatcher &amp; Cuper Kinna-ViskadalenContinue reading...Kinna IBK F0506\" \/>\n<meta property=\"og:url\" content=\"https:\/\/d.durling.nu\/?page_id=61\" \/>\n<meta property=\"og:site_name\" content=\"d.durling\" \/>\n<meta property=\"article:modified_time\" content=\"2022-09-26T07:46:01+00:00\" \/>\n<meta property=\"og:image\" content=\"https:\/\/d.durling.nu\/wp-content\/uploads\/2020\/10\/3I1A5773-2-scaled.jpg\" \/>\n\t<meta property=\"og:image:width\" content=\"2560\" \/>\n\t<meta property=\"og:image:height\" content=\"1451\" \/>\n<meta name=\"twitter:card\" content=\"summary_large_image\" \/>\n<script type=\"application\/ld+json\" class=\"yoast-schema-graph\">{\"@context\":\"https:\/\/schema.org\",\"@graph\":[{\"@type\":\"WebSite\",\"@id\":\"https:\/\/d.durling.nu\/#website\",\"url\":\"https:\/\/d.durling.nu\/\",\"name\":\"d.durling\",\"description\":\"Floorball photos\",\"potentialAction\":[{\"@type\":\"SearchAction\",\"target\":\"https:\/\/d.durling.nu\/?s={search_term_string}\",\"query-input\":\"required name=search_term_string\"}],\"inLanguage\":\"en-US\"},{\"@type\":\"ImageObject\",\"@id\":\"https:\/\/d.durling.nu\/?page_id=61#primaryimage\",\"inLanguage\":\"en-US\",\"url\":\"https:\/\/d.durling.nu\/wp-content\/uploads\/2020\/10\/3I1A5773-2-scaled.jpg\",\"width\":2560,\"height\":1451},{\"@type\":\"WebPage\",\"@id\":\"https:\/\/d.durling.nu\/?page_id=61#webpage\",\"url\":\"https:\/\/d.durling.nu\/?page_id=61\",\"name\":\"Kinna IBK F0506 - d.durling\",\"isPartOf\":{\"@id\":\"https:\/\/d.durling.nu\/#website\"},\"primaryImageOfPage\":{\"@id\":\"https:\/\/d.durling.nu\/?page_id=61#primaryimage\"},\"datePublished\":\"2020-10-25T18:26:27+00:00\",\"dateModified\":\"2022-09-26T07:46:01+00:00\",\"inLanguage\":\"en-US\",\"potentialAction\":[{\"@type\":\"ReadAction\",\"target\":[\"https:\/\/d.durling.nu\/?page_id=61\"]}]}]}<\/script>\n<!-- \/ Yoast SEO plugin. -->","_links":{"self":[{"href":"https:\/\/d.durling.nu\/index.php?rest_route=\/wp\/v2\/pages\/61"}],"collection":[{"href":"https:\/\/d.durling.nu\/index.php?rest_route=\/wp\/v2\/pages"}],"about":[{"href":"https:\/\/d.durling.nu\/index.php?rest_route=\/wp\/v2\/types\/page"}],"author":[{"embeddable":true,"href":"https:\/\/d.durling.nu\/index.php?rest_route=\/wp\/v2\/users\/1"}],"replies":[{"embeddable":true,"href":"https:\/\/d.durling.nu\/index.php?rest_route=%2Fwp%2Fv2%2Fcomments&post=61"}],"version-history":[{"count":39,"href":"https:\/\/d.durling.nu\/index.php?rest_route=\/wp\/v2\/pages\/61\/revisions"}],"predecessor-version":[{"id":521,"href":"https:\/\/d.durling.nu\/index.php?rest_route=\/wp\/v2\/pages\/61\/revisions\/521"}],"wp:featuredmedia":[{"embeddable":true,"href":"https:\/\/d.durling.nu\/index.php?rest_route=\/wp\/v2\/media\/159"}],"wp:attachment":[{"href":"https:\/\/d.durling.nu\/index.php?rest_route=%2Fwp%2Fv2%2Fmedia&parent=61"}],"curies":[{"name":"wp","href":"https:\/\/api.w.org\/{rel}","templated":true}]}}