{"id":62,"date":"2020-10-25T18:26:27","date_gmt":"2020-10-25T18:26:27","guid":{"rendered":"https:\/\/d.durling.nu\/?page_id=62"},"modified":"2025-03-15T16:49:45","modified_gmt":"2025-03-15T15:49:45","slug":"landvetter","status":"publish","type":"page","link":"https:\/\/d.durling.nu\/?page_id=62","title":{"rendered":"Landvetter Wings"},"content":{"rendered":"\n<div class=\"wp-block-cover alignfull has-background-dim-20 has-background-dim is-position-center-center\" style=\"background-image:url(https:\/\/d.durling.nu\/wp-content\/uploads\/2020\/10\/3I1A9776-5-scaled.jpg);background-position:40% 26%;min-height:529px\"><div class=\"wp-block-cover__inner-container\">\n<p class=\"has-text-align-center has-text-color\" style=\"line-height:1.1;font-size:74px;color:#fffffa\"><\/p>\n<\/div><\/div>\n\n\n\n<h2>2024\/2025<\/h2>\n\n\n\n<p>D2<\/p>\n\n\n\n<ul><li><a rel=\"noreferrer noopener\" href=\"https:\/\/photos.app.goo.gl\/8M5BvsNeS8Vym7DC7\" target=\"_blank\">G\u00f6teborg-Landvetter 2024-09-28<\/a><\/li><li><a rel=\"noreferrer noopener\" href=\"https:\/\/photos.app.goo.gl\/8jLye2bzaAqzfpft9\" target=\"_blank\">Ale-Landvetter 2024-10-26<\/a><\/li><li><a rel=\"noreferrer noopener\" href=\"https:\/\/photos.app.goo.gl\/vBZuTo4pwvfwnYSp6\" target=\"_blank\">Landvetter-Partille 2024-11-23<\/a><\/li><li><a href=\"https:\/\/photos.app.goo.gl\/hHfcES1FK8g3u1ep6\" target=\"_blank\" rel=\"noreferrer noopener\">Landvetter-G\u00f6teborg 2025-02-02<\/a><\/li><\/ul>\n\n\n\n<p>DJ18<\/p>\n\n\n\n<ul><li><a rel=\"noreferrer noopener\" href=\"https:\/\/photos.app.goo.gl\/9sBGSxg4A1pdVkPBA\" target=\"_blank\">Landvetter-Lerum 2024-09-22<\/a><\/li><li><a rel=\"noreferrer noopener\" href=\"https:\/\/photos.app.goo.gl\/LkQRADHU4bo87eAy8\" target=\"_blank\">Landvetter-Lind\u00e5s 2024-10-04<\/a><\/li><li><a rel=\"noreferrer noopener\" href=\"https:\/\/photos.app.goo.gl\/adggLZwdTKivq5xv8\" target=\"_blank\">Pixbo-Landvetter 2024-10-18<\/a><\/li><li><a rel=\"noreferrer noopener\" href=\"https:\/\/photos.app.goo.gl\/KtdqeWFUhj6HJUcJA\" target=\"_blank\">Landvetter-Partille 2024-11-01<\/a><\/li><li><a href=\"https:\/\/photos.app.goo.gl\/uprDKTjXCvucBG4i9\">Lockerud-Landvetter 2024-11<\/a><a rel=\"noreferrer noopener\" href=\"https:\/\/photos.app.goo.gl\/uprDKTjXCvucBG4i9\" target=\"_blank\">&#8211;<\/a><a href=\"https:\/\/photos.app.goo.gl\/uprDKTjXCvucBG4i9\">12<\/a><\/li><li><a href=\"https:\/\/photos.app.goo.gl\/fW3MgbbvRPC3DsPV6\">Partille-Landvetter 2025-02-23<\/a><\/li><li><a href=\"https:\/\/photos.app.goo.gl\/M9w4mbQFr5rR3h9s6\" target=\"_blank\" rel=\"noreferrer noopener\">Landvetter-Lockerud 2025-02-27<\/a><\/li><\/ul>\n\n\n\n<h2>2023\/2024<\/h2>\n\n\n\n<p>D2<\/p>\n\n\n\n<ul><li><a rel=\"noreferrer noopener\" href=\"https:\/\/photos.app.goo.gl\/n2dYwaCLkrjWLg7x8\" target=\"_blank\">Landvetter-G\u00f6teborg 2023-10-02<\/a><\/li><li><a rel=\"noreferrer noopener\" href=\"https:\/\/photos.app.goo.gl\/AMWnxmPkiGACF1YA9\" target=\"_blank\">Landvetter-Lerum 2024-01-25<\/a><\/li><li><a href=\"https:\/\/photos.app.goo.gl\/vpppoafTjHgD6w4X7\" target=\"_blank\" rel=\"noreferrer noopener\">Landvetter-Ale 2024-03-14<\/a><\/li><li><a rel=\"noreferrer noopener\" href=\"https:\/\/photos.app.goo.gl\/oqtqTCN3TpHVebgK8\" target=\"_blank\">Landvetter-Pixbo 2024-03-24<\/a><\/li><\/ul>\n\n\n\n<p>DJ18<\/p>\n\n\n\n<ul><li><a rel=\"noreferrer noopener\" href=\"https:\/\/photos.app.goo.gl\/5kQKUUMrxcL5TFpH9\" target=\"_blank\">Landvetter-M\u00e5nsarp 2023-10-08<\/a><\/li><li><a rel=\"noreferrer noopener\" href=\"https:\/\/photos.app.goo.gl\/5vVywzcdJm1D1JUk6\" target=\"_blank\">Landvetter-Lind\u00e5s 2023-10-27<\/a><\/li><li><a rel=\"noreferrer noopener\" href=\"https:\/\/photos.app.goo.gl\/KvuTZHwoyCTjJDQ19\" target=\"_blank\">Landvetter-Pixbo 2023-11-10<\/a><\/li><li>L<a rel=\"noreferrer noopener\" href=\"https:\/\/photos.app.goo.gl\/xyYaXDp3Dpidqene9\" target=\"_blank\">andvetter-M\u00e5nsarp 2024-01-13<\/a><\/li><li><a rel=\"noreferrer noopener\" href=\"https:\/\/photos.app.goo.gl\/bvBP1WJr62K4d7yp6\" target=\"_blank\">Landvetter-Ale 2024-01-19<\/a><\/li><li><a href=\"https:\/\/photos.app.goo.gl\/A48xqJWjex78pzH17\">Lind\u00e5s-Landvetter 2024-01-29<\/a><\/li><li><a rel=\"noreferrer noopener\" href=\"https:\/\/photos.app.goo.gl\/4KrbTESHsj49wsRRA\" target=\"_blank\">Landvetter-Partille 2024-02-08<\/a><\/li><li><a rel=\"noreferrer noopener\" href=\"https:\/\/photos.app.goo.gl\/b9QHjn6wK5yLKk9c7\" target=\"_blank\">Pixbo-Landvetter 2024-02-21<\/a><\/li><li><a rel=\"noreferrer noopener\" href=\"https:\/\/photos.app.goo.gl\/RydjRXmeCjAoB11V7\" target=\"_blank\">Landvetter-Alings\u00e5s 2024-02-23<\/a><\/li><li><a rel=\"noreferrer noopener\" href=\"https:\/\/photos.app.goo.gl\/TzC2AQBEWUJLgbLKA\" target=\"_blank\">Lind\u00e5s-Landvetter 2024-03-01<\/a><\/li><li><a rel=\"noreferrer noopener\" href=\"https:\/\/photos.app.goo.gl\/XTN7HNcvMsSGp1NZ6\" target=\"_blank\">Lind\u00e5s-Landvetter 2024-03-22<\/a><\/li><\/ul>\n\n\n\n<p><\/p>\n\n\n\n<h2>2022\/23<\/h2>\n\n\n\n<p>D3<\/p>\n\n\n\n<ul><li><a rel=\"noreferrer noopener\" href=\"https:\/\/photos.app.goo.gl\/vhfprsA4XhtwMd3AA\" target=\"_blank\">Myggen\u00e4s-Landvetter 2022-10-01<\/a><\/li><li><a rel=\"noreferrer noopener\" href=\"https:\/\/photos.app.goo.gl\/pc9jei6z2dj6v3jg7\" target=\"_blank\">Landvetter-Dingle 2022-10-15<\/a><\/li><li><a rel=\"noreferrer noopener\" href=\"https:\/\/photos.app.goo.gl\/iwRSvkMxuUqcQzmo8\" target=\"_blank\">Landvetter-\u00c4lvstranden 2022-11-13<\/a><\/li><li><a rel=\"noreferrer noopener\" href=\"https:\/\/photos.app.goo.gl\/Ke3GkFdMPRjZyFaw7\" target=\"_blank\">Landvetter-M\u00f6lndal 2023-01-22<\/a><\/li><li><a rel=\"noreferrer noopener\" href=\"https:\/\/photos.app.goo.gl\/yrgLejrbn37qw1Hk7\" target=\"_blank\">Landvetter-Dingle 2023-03-04<\/a><\/li><li><a rel=\"noreferrer noopener\" href=\"https:\/\/photos.app.goo.gl\/695KjkBo1kZbHB8Y9\" target=\"_blank\">M\u00f6lndal-Landvetter 2023-03-18<\/a><\/li><li><a rel=\"noreferrer noopener\" href=\"https:\/\/photos.app.goo.gl\/Pd8CjRS8KgLua4TK9\" target=\"_blank\">Landvetter-\u00c4lvstranden 2023-03-25<\/a><\/li><li><a rel=\"noreferrer noopener\" href=\"https:\/\/photos.app.goo.gl\/JVSnqEy53LbF16DU6\" target=\"_blank\">G\u00f6teborg-Landvetter 2023-03-27<\/a><\/li><\/ul>\n\n\n\n<p>DJ18<\/p>\n\n\n\n<ul><li><a rel=\"noreferrer noopener\" href=\"https:\/\/photos.app.goo.gl\/5ykdg82oWhGdCrhP6\" target=\"_blank\">Landvetter-Zenith 2022-09-30<\/a><\/li><li><a rel=\"noreferrer noopener\" href=\"https:\/\/photos.app.goo.gl\/sCkRxZ39acjJsBXLA\" target=\"_blank\">Landvetter-Partille 2022-10-07<\/a><\/li><\/ul>\n\n\n\n<p>USM F16<\/p>\n\n\n\n<ul><li><a href=\"https:\/\/photos.app.goo.gl\/vAyDYqrQpKwMVqXz8\" target=\"_blank\" rel=\"noreferrer noopener\">Landvetter-\u00c4lvstranden-Eken 2023-02-05<\/a><\/li><\/ul>\n\n\n\n<h2>2021\/22<\/h2>\n\n\n\n<p>DJ18<\/p>\n\n\n\n<ul><li><a rel=\"noreferrer noopener\" href=\"https:\/\/photos.app.goo.gl\/TzDmVdA4pVmewrXf6\" target=\"_blank\">Landvetter-Partille 2021-09-19<\/a><\/li><li><a rel=\"noreferrer noopener\" href=\"https:\/\/photos.app.goo.gl\/PFGX3UuDdx498aVMA\" target=\"_blank\">Pixbo-Landvetter 2021-09-25<\/a><\/li><li><a rel=\"noreferrer noopener\" href=\"https:\/\/photos.app.goo.gl\/fgKCkc6SDBizEB159\" target=\"_blank\">Varla-Landvetter 2021-10-01<\/a><\/li><li><a rel=\"noreferrer noopener\" href=\"https:\/\/photos.app.goo.gl\/DgDqSiEyYxbkNGgQ9\" target=\"_blank\">Landvetter-Zenith 2021-10-08<\/a><\/li><li><a rel=\"noreferrer noopener\" href=\"https:\/\/photos.app.goo.gl\/gtAZJUqk3sLqJGPX7\" target=\"_blank\">Landvetter-\u00c4lvstranden 2021-11-11<\/a><\/li><li><a rel=\"noreferrer noopener\" href=\"https:\/\/photos.app.goo.gl\/4wTPfFCHHZqt66hS8\" target=\"_blank\">Onsala-Landvetter 2021-11-13<\/a><\/li><li><a rel=\"noreferrer noopener\" href=\"https:\/\/photos.app.goo.gl\/yoCu9jYhSpUUivqA7\" target=\"_blank\">Landvetter-Lind\u00e5s 2021-11-19<\/a><\/li><li><a rel=\"noreferrer noopener\" href=\"https:\/\/photos.app.goo.gl\/eDRWidDHuMrX7M3y7\" target=\"_blank\">Lindome-Landvetter 2021-12-10<\/a><\/li><li><a rel=\"noreferrer noopener\" href=\"https:\/\/photos.app.goo.gl\/n51cuBDx9ciFpqeh6\" target=\"_blank\">Landvetter-Varla 2022-02-03<\/a><\/li><li><a rel=\"noreferrer noopener\" href=\"https:\/\/photos.app.goo.gl\/VH5KuYe73pdwCjLC9\" target=\"_blank\">Landvetter-Pixbo 2022-02-06<\/a><\/li><li><a href=\"https:\/\/photos.app.goo.gl\/co6MV9hx6mqSeoSf8\">Landvetter-Lerum 2022-02-10<\/a><\/li><li><a rel=\"noreferrer noopener\" href=\"https:\/\/photos.app.goo.gl\/3o44YiRu5Zqx64by8\" target=\"_blank\">Landvetter-Onsala 2022-02-25<\/a><\/li><li><a rel=\"noreferrer noopener\" href=\"https:\/\/photos.app.goo.gl\/NwwdTbBXQpHk5oox7\" target=\"_blank\">Landvetter-Lindome 2022-03-17<\/a><\/li><li><a rel=\"noreferrer noopener\" href=\"https:\/\/photos.app.goo.gl\/8ATRGGm5aB1XAYd88\" target=\"_blank\">Pixbo-Landvetter 2022-04-10<\/a><\/li><\/ul>\n\n\n\n<p>D2<\/p>\n\n\n\n<ul><li><a rel=\"noreferrer noopener\" href=\"https:\/\/photos.app.goo.gl\/kPyfQXSf6N59GNg97\" target=\"_blank\">Landvetter-Pixbo 2021-10-24<\/a><\/li><li><a rel=\"noreferrer noopener\" href=\"https:\/\/photos.app.goo.gl\/He48wW7UnwJCdbwQ8\" target=\"_blank\">Lindome-Landvetter 2021-11-14<\/a><\/li><li><a rel=\"noreferrer noopener\" href=\"https:\/\/photos.app.goo.gl\/MzZd4ZmWPmNV3gKu9\" target=\"_blank\">Myggen\u00e4s-Landvetter 2021-12-18<\/a><\/li><li><a rel=\"noreferrer noopener\" href=\"https:\/\/photos.app.goo.gl\/ZMpWjHrvv2ztrZp2A\" target=\"_blank\">Pixbo-Landvetter 2022-01-29<\/a><\/li><li><a rel=\"noreferrer noopener\" href=\"https:\/\/photos.app.goo.gl\/ism3EH8NjsgAbjQC8\" target=\"_blank\">Lind\u00e5s-Landvetter 2022-02-27<\/a><\/li><li><a rel=\"noreferrer noopener\" href=\"https:\/\/photos.app.goo.gl\/6y11xJ3Rq6Qvks6L6\" target=\"_blank\">Landvetter-Kung\u00e4lv 2022-03-05<\/a><\/li><li><a type=\"URL\" id=\"https:\/\/photos.app.goo.gl\/F7zFMvyNTvYLiTyp6\" rel=\"noreferrer noopener\" href=\"https:\/\/photos.app.goo.gl\/F7zFMvyNTvYLiTyp6\" target=\"_blank\">Landvetter-Lindome 2022-03-15<\/a><\/li><li><a rel=\"noreferrer noopener\" href=\"https:\/\/photos.app.goo.gl\/r7zW6LjSpqKuvB1w7\" target=\"_blank\">Landvetter-Lerum 2022-03-19<\/a><\/li><li><a rel=\"noreferrer noopener\" href=\"https:\/\/photos.app.goo.gl\/aZK9StEi7y3HPcYt8\" target=\"_blank\">\u00d6cker\u00f6-Landvetter 2022-03-23<\/a><\/li><\/ul>\n\n\n\n<p>D3<\/p>\n\n\n\n<ul><li><a rel=\"noreferrer noopener\" href=\"https:\/\/photos.app.goo.gl\/pDUAtmVmLUri6r7G9\" target=\"_blank\">G\u00f6teborg-Landvetter 2021-10-23<\/a><\/li><li><a href=\"https:\/\/photos.app.goo.gl\/r41w4udb8WvyzTpL7\">Landvetter-G\u00f6teborg 2022-01-29<\/a><\/li><li><a rel=\"noreferrer noopener\" href=\"https:\/\/photos.app.goo.gl\/DRVg7JnUYi2b94CC7\" target=\"_blank\">Ale-Landvetter 2022-02-26<\/a><\/li><li><a rel=\"noreferrer noopener\" href=\"https:\/\/photos.app.goo.gl\/LaaUMp4XvrQfockD7\" target=\"_blank\">Landvetter-Hind\u00e5s 2022-03-06<\/a><\/li><li><a rel=\"noreferrer noopener\" href=\"https:\/\/photos.app.goo.gl\/vbWeYHyND3CNo5Wq9\" target=\"_blank\">Landvetter-\u00c4lvstranden 2022-03-13<\/a><\/li><li><a href=\"https:\/\/photos.app.goo.gl\/hcKJc2rWKbGAdrh96\" target=\"_blank\" rel=\"noreferrer noopener\">Floda-Landvetter 2022-03-18<\/a><\/li><\/ul>\n\n\n\n<p>Cuper &amp; tr\u00e4ningsmatcher<\/p>\n\n\n\n<ul><li><a rel=\"noreferrer noopener\" href=\"https:\/\/photos.app.goo.gl\/AcivhiukrpHY9B7y7\" target=\"_blank\">Landvetter,Tr\u00e4sl\u00f6vsl\u00e4ge,Lerum 2021-06-06<\/a><\/li><li><a rel=\"noreferrer noopener\" href=\"https:\/\/photos.app.goo.gl\/UUXFnR4X3Hk8FgPd8\" target=\"_blank\">Landvetter-Stenungsund 2021-08-08<\/a><\/li><li><a rel=\"noreferrer noopener\" href=\"https:\/\/photos.app.goo.gl\/qFCCgg7uYAdj76WU7\" target=\"_blank\">Landvetter-JIK 2021-08-10<\/a><\/li><li><a rel=\"noreferrer noopener\" href=\"https:\/\/photos.app.goo.gl\/e6qbeuMw7fESqtLr7\" target=\"_blank\">Newbody Floorball Cup 2021-08-13<\/a><\/li><li><a rel=\"noreferrer noopener\" href=\"https:\/\/photos.app.goo.gl\/RUpRB8DSZ5sFZQ2B6\" target=\"_blank\">Newbody Floorball Cup 2021-08-14<\/a><\/li><li><a rel=\"noreferrer noopener\" href=\"https:\/\/photos.app.goo.gl\/qENDXe3dE4KnSbDL9\" target=\"_blank\">Newbody Floorball Cup 2021-08-15<\/a><\/li><li><a rel=\"noreferrer noopener\" href=\"https:\/\/photos.app.goo.gl\/gJ7UW4V7wXSBKP5V7\" target=\"_blank\">Landvetter-Kung\u00e4lv 2021-09-04<\/a><\/li><li><a href=\"https:\/\/photos.app.goo.gl\/s73gS1LuwVbo61mW8\" target=\"_blank\" rel=\"noreferrer noopener\">Partille-Landvetter 2022-05-21<\/a><\/li><\/ul>\n\n\n\n<h2>2020\/21<\/h2>\n\n\n\n<p>DJ17 <\/p>\n\n\n\n<ul><li><a href=\"https:\/\/photos.app.goo.gl\/cASqGk3kb3fn48eK6\" target=\"_blank\" rel=\"noreferrer noopener\">Kung\u00e4lv-Landvetter 2020-10-03<\/a><\/li><li><a href=\"https:\/\/photos.app.goo.gl\/w6bFESwxRXTxsao68\" target=\"_blank\" rel=\"noreferrer noopener\">Landvetter-Lerum 2020-10-09<\/a><\/li><li><a href=\"https:\/\/photos.app.goo.gl\/RHnCnbCByuUNg2C87\">Fristad-Landvetter 2020-10-16<\/a><\/li><li><a href=\"https:\/\/photos.app.goo.gl\/Uj4gKSERD6qUYEr9A\" target=\"_blank\" rel=\"noreferrer noopener\">Landvetter-Hovsl\u00e4tt 2020-10-23<\/a><\/li><\/ul>\n\n\n\n<p>DJ23 V\u00e4stsvenska<\/p>\n\n\n\n<ul><li><a rel=\"noreferrer noopener\" href=\"https:\/\/photos.app.goo.gl\/CiJ4sD7PxMr4XfHT7\" target=\"_blank\">\u00d6cker\u00f6-Landvetter 2020-10-07<\/a><\/li><li><a rel=\"noreferrer noopener\" href=\"https:\/\/photos.app.goo.gl\/cEzUCwVgxc5LYr3s8\" target=\"_blank\">Landvetter-Backadalen 2020-10-21<\/a><\/li><\/ul>\n\n\n\n<p>D2 V\u00e4stsvenska<\/p>\n\n\n\n<ul><li><a rel=\"noreferrer noopener\" href=\"https:\/\/photos.app.goo.gl\/hwpCPNgsNFKjffTu9\" target=\"_blank\">Landvetter-Dingle 2020-10-10<\/a><\/li><li><a href=\"https:\/\/photos.app.goo.gl\/WDE8jy4qghn4u7AVA\">Landvetter-Partille 2020-10-25<\/a><\/li><\/ul>\n\n\n\n<p>Cuper &amp; tr\u00e4ningsmatcher<\/p>\n\n\n\n<ul><li><a rel=\"noreferrer noopener\" href=\"https:\/\/photos.app.goo.gl\/ToWFH3d8g3tFUHJPA\" target=\"_blank\">Landvetter-Backadalen 2020-06-14<\/a><\/li><li><a rel=\"noreferrer noopener\" href=\"https:\/\/photos.app.goo.gl\/Boa1woRuvtN9CN2G6\" target=\"_blank\">Tr\u00e4sl\u00f6vsl\u00e4ge-Landvetter 2020-06-28<\/a><\/li><li><a rel=\"noreferrer noopener\" href=\"https:\/\/photos.app.goo.gl\/Ar5sXJbbGegorvUSA\" target=\"_blank\">Landvetter-Lerum 2020-07-31<\/a><\/li><li><a rel=\"noreferrer noopener\" href=\"https:\/\/photos.app.goo.gl\/SYoafYiDXJjNFi6m7\" target=\"_blank\">DJ Invitational 2020-08-08<\/a><\/li><li><a rel=\"noreferrer noopener\" href=\"https:\/\/photos.app.goo.gl\/4T6BVkaJa7tgCFFe9\" target=\"_blank\">DJ Invitational 2020-08-09<\/a><\/li><li><a rel=\"noreferrer noopener\" href=\"https:\/\/photos.app.goo.gl\/Bfp1azntTQBXt9Ej6\" target=\"_blank\">DJ Invitational 2020-08-10<\/a><\/li><li><a rel=\"noreferrer noopener\" href=\"https:\/\/photos.app.goo.gl\/mQhE4CHmgFnNdcNw8\" target=\"_blank\">Landvetter-Pixbo-T\u00e4by 2020-08-22<\/a><\/li><li><a rel=\"noreferrer noopener\" href=\"https:\/\/photos.app.goo.gl\/2AAh3frbUs1sjLD19\" target=\"_blank\">Landvetter-Lund-Pixbo 2020-08-23<\/a><\/li><li><a rel=\"noreferrer noopener\" href=\"https:\/\/photos.app.goo.gl\/Jizamq9GQ2tjbzfR6\" target=\"_blank\">Bj\u00f6rnslaget 2020-09-05<\/a><\/li><li><a rel=\"noreferrer noopener\" href=\"https:\/\/photos.app.goo.gl\/pCDXsVJ7ZcveoXf28\" target=\"_blank\">Landvetter-Lerum 2021-05-08<\/a><\/li><li><a href=\"https:\/\/photos.app.goo.gl\/i4Cd6fdeS53mmFta7\" target=\"_blank\" rel=\"noreferrer noopener\">Landvetter-M\u00f6lndal 2021-05-15<\/a><\/li><\/ul>\n\n\n\n<p><\/p>\n","protected":false},"excerpt":{"rendered":"<p>2024\/2025 D2 G\u00f6teborg-Landvetter 2024-09-28 Ale-Landvetter 2024-10-26 Landvetter-Partille 2024-11-23 Landvetter-G\u00f6teborg 2025-02-02 DJ18 Landvetter-Lerum 2024-09-22 Landvetter-Lind\u00e5s 2024-10-04 Pixbo-Landvetter 2024-10-18 Landvetter-Partille 2024-11-01 Lockerud-Landvetter<\/p>\n<p class=\"more-link\"><a href=\"https:\/\/d.durling.nu\/?page_id=62\" class=\"readmore\">Continue reading&#8230;<span class=\"screen-reader-text\">Landvetter Wings<\/span><\/a><\/p>\n","protected":false},"author":1,"featured_media":384,"parent":0,"menu_order":0,"comment_status":"closed","ping_status":"closed","template":"","meta":[],"yoast_head":"<!-- This site is optimized with the Yoast SEO plugin v15.1.1 - https:\/\/yoast.com\/wordpress\/plugins\/seo\/ -->\n<title>Landvetter Wings - d.durling<\/title>\n<meta name=\"description\" content=\"Floorball photos innebandy salibandy Landvetter Wings\" \/>\n<meta name=\"robots\" content=\"index, follow, max-snippet:-1, max-image-preview:large, max-video-preview:-1\" \/>\n<link rel=\"canonical\" href=\"https:\/\/d.durling.nu\/?page_id=62\" \/>\n<meta property=\"og:locale\" content=\"en_US\" \/>\n<meta property=\"og:type\" content=\"article\" \/>\n<meta property=\"og:title\" content=\"Landvetter Wings - d.durling\" \/>\n<meta property=\"og:description\" content=\"Floorball photos innebandy salibandy Landvetter Wings\" \/>\n<meta property=\"og:url\" content=\"https:\/\/d.durling.nu\/?page_id=62\" \/>\n<meta property=\"og:site_name\" content=\"d.durling\" \/>\n<meta property=\"article:modified_time\" content=\"2025-03-15T15:49:45+00:00\" \/>\n<meta property=\"og:image\" content=\"https:\/\/d.durling.nu\/wp-content\/uploads\/2022\/02\/3I1A7575-scaled.jpg\" \/>\n\t<meta property=\"og:image:width\" content=\"2560\" \/>\n\t<meta property=\"og:image:height\" content=\"1807\" \/>\n<meta name=\"twitter:card\" content=\"summary_large_image\" \/>\n<script type=\"application\/ld+json\" class=\"yoast-schema-graph\">{\"@context\":\"https:\/\/schema.org\",\"@graph\":[{\"@type\":\"WebSite\",\"@id\":\"https:\/\/d.durling.nu\/#website\",\"url\":\"https:\/\/d.durling.nu\/\",\"name\":\"d.durling\",\"description\":\"Floorball photos\",\"potentialAction\":[{\"@type\":\"SearchAction\",\"target\":\"https:\/\/d.durling.nu\/?s={search_term_string}\",\"query-input\":\"required name=search_term_string\"}],\"inLanguage\":\"en-US\"},{\"@type\":\"ImageObject\",\"@id\":\"https:\/\/d.durling.nu\/?page_id=62#primaryimage\",\"inLanguage\":\"en-US\",\"url\":\"https:\/\/d.durling.nu\/wp-content\/uploads\/2022\/02\/3I1A7575-scaled.jpg\",\"width\":2560,\"height\":1807},{\"@type\":\"WebPage\",\"@id\":\"https:\/\/d.durling.nu\/?page_id=62#webpage\",\"url\":\"https:\/\/d.durling.nu\/?page_id=62\",\"name\":\"Landvetter Wings - d.durling\",\"isPartOf\":{\"@id\":\"https:\/\/d.durling.nu\/#website\"},\"primaryImageOfPage\":{\"@id\":\"https:\/\/d.durling.nu\/?page_id=62#primaryimage\"},\"datePublished\":\"2020-10-25T18:26:27+00:00\",\"dateModified\":\"2025-03-15T15:49:45+00:00\",\"description\":\"Floorball photos innebandy salibandy Landvetter Wings\",\"inLanguage\":\"en-US\",\"potentialAction\":[{\"@type\":\"ReadAction\",\"target\":[\"https:\/\/d.durling.nu\/?page_id=62\"]}]}]}<\/script>\n<!-- \/ Yoast SEO plugin. -->","_links":{"self":[{"href":"https:\/\/d.durling.nu\/index.php?rest_route=\/wp\/v2\/pages\/62"}],"collection":[{"href":"https:\/\/d.durling.nu\/index.php?rest_route=\/wp\/v2\/pages"}],"about":[{"href":"https:\/\/d.durling.nu\/index.php?rest_route=\/wp\/v2\/types\/page"}],"author":[{"embeddable":true,"href":"https:\/\/d.durling.nu\/index.php?rest_route=\/wp\/v2\/users\/1"}],"replies":[{"embeddable":true,"href":"https:\/\/d.durling.nu\/index.php?rest_route=%2Fwp%2Fv2%2Fcomments&post=62"}],"version-history":[{"count":91,"href":"https:\/\/d.durling.nu\/index.php?rest_route=\/wp\/v2\/pages\/62\/revisions"}],"predecessor-version":[{"id":661,"href":"https:\/\/d.durling.nu\/index.php?rest_route=\/wp\/v2\/pages\/62\/revisions\/661"}],"wp:featuredmedia":[{"embeddable":true,"href":"https:\/\/d.durling.nu\/index.php?rest_route=\/wp\/v2\/media\/384"}],"wp:attachment":[{"href":"https:\/\/d.durling.nu\/index.php?rest_route=%2Fwp%2Fv2%2Fmedia&parent=62"}],"curies":[{"name":"wp","href":"https:\/\/api.w.org\/{rel}","templated":true}]}}